{"id":5274,"date":"2025-11-18T12:06:09","date_gmt":"2025-11-18T11:06:09","guid":{"rendered":"https:\/\/dottoralbertoaglialoro.it\/cabinets-medicaux\/genova\/"},"modified":"2026-03-02T14:48:44","modified_gmt":"2026-03-02T13:48:44","slug":"genes","status":"publish","type":"page","link":"https:\/\/dottoralbertoaglialoro.it\/fr\/cabinets-medicaux\/genes\/","title":{"rendered":"G\u00eanes"},"content":{"rendered":"\t\t<div data-elementor-type=\"wp-page\" data-elementor-id=\"5274\" class=\"elementor elementor-5274 elementor-1709\" data-elementor-post-type=\"page\">\n\t\t\t\t<div class=\"elementor-element elementor-element-aaa7f12 e-flex e-con-boxed e-con e-parent\" data-id=\"aaa7f12\" data-element_type=\"container\" data-e-type=\"container\" data-settings=\"{&quot;jet_parallax_layout_list&quot;:[],&quot;background_background&quot;:&quot;classic&quot;}\">\n\t\t\t\t\t<div class=\"e-con-inner\">\n\t\t<div class=\"elementor-element elementor-element-55727fd e-flex e-con-boxed e-con e-child\" data-id=\"55727fd\" data-element_type=\"container\" data-e-type=\"container\" data-settings=\"{&quot;background_background&quot;:&quot;classic&quot;,&quot;jet_parallax_layout_list&quot;:[]}\">\n\t\t\t\t\t<div class=\"e-con-inner\">\n\t\t<div class=\"elementor-element elementor-element-25e70bb e-con-full e-flex e-con e-child\" data-id=\"25e70bb\" data-element_type=\"container\" data-e-type=\"container\" data-settings=\"{&quot;jet_parallax_layout_list&quot;:[]}\">\n\t\t\t\t<div class=\"elementor-element elementor-element-13d8f2c elementor-widget__width-initial animated-slow elementor-widget-tablet__width-inherit elementor-invisible elementor-widget elementor-widget-heading\" data-id=\"13d8f2c\" data-element_type=\"widget\" data-e-type=\"widget\" data-settings=\"{&quot;_animation&quot;:&quot;fadeInLeft&quot;}\" data-widget_type=\"heading.default\">\n\t\t\t\t<div class=\"elementor-widget-container\">\n\t\t\t\t\t<h1 class=\"elementor-heading-title elementor-size-default\">Diab\u00e9tologue et endocrinologue \u00e0 <span>G\u00eanes<\/span><\/h1>\t\t\t\t<\/div>\n\t\t\t\t<\/div>\n\t\t\t\t<div class=\"elementor-element elementor-element-b799ff3 elementor-widget__width-initial animated-slow elementor-invisible elementor-widget elementor-widget-text-editor\" data-id=\"b799ff3\" data-element_type=\"widget\" data-e-type=\"widget\" data-settings=\"{&quot;_animation&quot;:&quot;fadeIn&quot;,&quot;_animation_delay&quot;:1200}\" data-widget_type=\"text-editor.default\">\n\t\t\t\t<div class=\"elementor-widget-container\">\n\t\t\t\t\t\t\t\t\t<p>Endocrinologue \u00e0 G\u00eanes, dans mon <a href=\"https:\/\/dottoralbertoaglialoro.it\/fr\/cabinets-medicaux\/\">cabinet m\u00e9dical<\/a> de G\u00eanes, je re\u00e7ois sur rendez-vous et propose des consultations sp\u00e9cialis\u00e9es en <a href=\"https:\/\/dottoralbertoaglialoro.it\/fr\/consultation-endocrinologie\/\">endocrinologie<\/a> et en <a href=\"https:\/\/dottoralbertoaglialoro.it\/fr\/diabetologie\/\">diab\u00e9tologie<\/a>.<\/p>\t\t\t\t\t\t\t\t<\/div>\n\t\t\t\t<\/div>\n\t\t\t\t<\/div>\n\t\t\t\t<div class=\"elementor-element elementor-element-eaef48c elementor-widget elementor-widget-spacer\" data-id=\"eaef48c\" data-element_type=\"widget\" data-e-type=\"widget\" data-widget_type=\"spacer.default\">\n\t\t\t\t<div class=\"elementor-widget-container\">\n\t\t\t\t\t\t\t<div class=\"elementor-spacer\">\n\t\t\t<div class=\"elementor-spacer-inner\"><\/div>\n\t\t<\/div>\n\t\t\t\t\t\t<\/div>\n\t\t\t\t<\/div>\n\t\t\t\t\t<\/div>\n\t\t\t\t<\/div>\n\t\t\t\t\t<\/div>\n\t\t\t\t<\/div>\n\t\t<div class=\"elementor-element elementor-element-7a31b31 e-flex e-con-boxed e-con e-parent\" data-id=\"7a31b31\" data-element_type=\"container\" data-e-type=\"container\" data-settings=\"{&quot;background_background&quot;:&quot;classic&quot;,&quot;jet_parallax_layout_list&quot;:[]}\">\n\t\t\t\t\t<div class=\"e-con-inner\">\n\t\t<div class=\"elementor-element elementor-element-ebf4b91 e-flex e-con-boxed e-con e-child\" data-id=\"ebf4b91\" data-element_type=\"container\" data-e-type=\"container\" data-settings=\"{&quot;jet_parallax_layout_list&quot;:[]}\">\n\t\t\t\t\t<div class=\"e-con-inner\">\n\t\t<div class=\"elementor-element elementor-element-f36b9ac e-con-full e-flex e-con e-child\" data-id=\"f36b9ac\" data-element_type=\"container\" data-e-type=\"container\" data-settings=\"{&quot;jet_parallax_layout_list&quot;:[]}\">\n\t\t\t\t<div class=\"elementor-element elementor-element-1d89920 elementor-widget__width-initial elementor-widget-tablet__width-inherit elementor-widget elementor-widget-heading\" data-id=\"1d89920\" data-element_type=\"widget\" data-e-type=\"widget\" data-widget_type=\"heading.default\">\n\t\t\t\t<div class=\"elementor-widget-container\">\n\t\t\t\t\t<p class=\"elementor-heading-title elementor-size-default\"><span>Studio Medico Cantore 15<\/span><\/p>\t\t\t\t<\/div>\n\t\t\t\t<\/div>\n\t\t\t\t<div class=\"elementor-element elementor-element-5ed1984 elementor-widget__width-initial elementor-widget-tablet__width-inherit elementor-widget elementor-widget-text-editor\" data-id=\"5ed1984\" data-element_type=\"widget\" data-e-type=\"widget\" data-widget_type=\"text-editor.default\">\n\t\t\t\t<div class=\"elementor-widget-container\">\n\t\t\t\t\t\t\t\t\t<p><strong>Adresse:<\/strong> Via Antonio Cantore, 15\/2 &#8211; Genova<\/p><p><strong>T\u00e9l\u00e9phone: <\/strong>+(39) 328 7492112<\/p>\t\t\t\t\t\t\t\t<\/div>\n\t\t\t\t<\/div>\n\t\t\t\t<div class=\"elementor-element elementor-element-59aa0ac elementor-widget elementor-widget-jet-button\" data-id=\"59aa0ac\" data-element_type=\"widget\" data-e-type=\"widget\" data-widget_type=\"jet-button.default\">\n\t\t\t\t<div class=\"elementor-widget-container\">\n\t\t\t\t\t<div class=\"elementor-jet-button jet-elements\"><div class=\"jet-button__container\">\n\t<a class=\"jet-button__instance jet-button__instance--icon-left hover-effect-1\" href=\"https:\/\/maps.app.goo.gl\/hvSrsWs84fW27Vph7\" target=\"_blank\" rel=\"nofollow noopener\">\n\t\t<div class=\"jet-button__plane jet-button__plane-normal\"><\/div>\n\t\t<div class=\"jet-button__plane jet-button__plane-hover\"><\/div>\n\t\t<div class=\"jet-button__state jet-button__state-normal\">\n\t\t\t<span class=\"jet-button__icon jet-elements-icon\"><svg aria-hidden=\"true\" class=\"e-font-icon-svg e-fas-map-marked-alt\" viewBox=\"0 0 576 512\" xmlns=\"http:\/\/www.w3.org\/2000\/svg\"><path d=\"M288 0c-69.59 0-126 56.41-126 126 0 56.26 82.35 158.8 113.9 196.02 6.39 7.54 17.82 7.54 24.2 0C331.65 284.8 414 182.26 414 126 414 56.41 357.59 0 288 0zm0 168c-23.2 0-42-18.8-42-42s18.8-42 42-42 42 18.8 42 42-18.8 42-42 42zM20.12 215.95A32.006 32.006 0 0 0 0 245.66v250.32c0 11.32 11.43 19.06 21.94 14.86L160 448V214.92c-8.84-15.98-16.07-31.54-21.25-46.42L20.12 215.95zM288 359.67c-14.07 0-27.38-6.18-36.51-16.96-19.66-23.2-40.57-49.62-59.49-76.72v182l192 64V266c-18.92 27.09-39.82 53.52-59.49 76.72-9.13 10.77-22.44 16.95-36.51 16.95zm266.06-198.51L416 224v288l139.88-55.95A31.996 31.996 0 0 0 576 426.34V176.02c0-11.32-11.43-19.06-21.94-14.86z\"><\/path><\/svg><\/span><span class=\"jet-button__label\">Google Maps<\/span>\t\t<\/div>\n\t\t<div class=\"jet-button__state jet-button__state-hover\">\n\t\t\t<span class=\"jet-button__icon jet-elements-icon\"><svg aria-hidden=\"true\" class=\"e-font-icon-svg e-fas-map-marked-alt\" viewBox=\"0 0 576 512\" xmlns=\"http:\/\/www.w3.org\/2000\/svg\"><path d=\"M288 0c-69.59 0-126 56.41-126 126 0 56.26 82.35 158.8 113.9 196.02 6.39 7.54 17.82 7.54 24.2 0C331.65 284.8 414 182.26 414 126 414 56.41 357.59 0 288 0zm0 168c-23.2 0-42-18.8-42-42s18.8-42 42-42 42 18.8 42 42-18.8 42-42 42zM20.12 215.95A32.006 32.006 0 0 0 0 245.66v250.32c0 11.32 11.43 19.06 21.94 14.86L160 448V214.92c-8.84-15.98-16.07-31.54-21.25-46.42L20.12 215.95zM288 359.67c-14.07 0-27.38-6.18-36.51-16.96-19.66-23.2-40.57-49.62-59.49-76.72v182l192 64V266c-18.92 27.09-39.82 53.52-59.49 76.72-9.13 10.77-22.44 16.95-36.51 16.95zm266.06-198.51L416 224v288l139.88-55.95A31.996 31.996 0 0 0 576 426.34V176.02c0-11.32-11.43-19.06-21.94-14.86z\"><\/path><\/svg><\/span><span class=\"jet-button__label\">Google Maps<\/span>\t\t<\/div>\n\t<\/a>\n<\/div>\n<\/div>\t\t\t\t<\/div>\n\t\t\t\t<\/div>\n\t\t\t\t<\/div>\n\t\t<div class=\"elementor-element elementor-element-6a6c26c e-con-full e-flex e-con e-child\" data-id=\"6a6c26c\" data-element_type=\"container\" data-e-type=\"container\" data-settings=\"{&quot;jet_parallax_layout_list&quot;:[],&quot;background_background&quot;:&quot;classic&quot;}\">\n\t\t<div class=\"elementor-element elementor-element-819dbed e-con-full e-flex e-con e-child\" data-id=\"819dbed\" data-element_type=\"container\" data-e-type=\"container\" data-settings=\"{&quot;jet_parallax_layout_list&quot;:[]}\">\n\t\t\t\t<div class=\"elementor-element elementor-element-680b35e elementor-widget elementor-widget-jet-map\" data-id=\"680b35e\" data-element_type=\"widget\" data-e-type=\"widget\" data-widget_type=\"jet-map.default\">\n\t\t\t\t<div class=\"elementor-widget-container\">\n\t\t\t\t\t<div class=\"jet-map\" data-provider=\"google\" data-init=\"{&quot;center&quot;:{&quot;lat&quot;:44.4108475,&quot;lng&quot;:8.8976686},&quot;zoom&quot;:15,&quot;scrollwheel&quot;:false,&quot;zoomControl&quot;:true,&quot;pinsAutoClose&quot;:true,&quot;draggable&quot;:true,&quot;provider&quot;:&quot;google&quot;,&quot;fullscreenControl&quot;:false,&quot;streetViewControl&quot;:true,&quot;mapTypeControl&quot;:false,&quot;styles&quot;:[{&quot;featureType&quot;:&quot;administrative&quot;,&quot;elementType&quot;:&quot;labels.text.fill&quot;,&quot;stylers&quot;:[{&quot;color&quot;:&quot;#444444&quot;}]},{&quot;featureType&quot;:&quot;landscape&quot;,&quot;elementType&quot;:&quot;all&quot;,&quot;stylers&quot;:[{&quot;color&quot;:&quot;#ffffff&quot;}]},{&quot;featureType&quot;:&quot;poi&quot;,&quot;elementType&quot;:&quot;all&quot;,&quot;stylers&quot;:[{&quot;visibility&quot;:&quot;off&quot;}]},{&quot;featureType&quot;:&quot;road&quot;,&quot;elementType&quot;:&quot;all&quot;,&quot;stylers&quot;:[{&quot;saturation&quot;:-100},{&quot;lightness&quot;:45}]},{&quot;featureType&quot;:&quot;road.highway&quot;,&quot;elementType&quot;:&quot;all&quot;,&quot;stylers&quot;:[{&quot;visibility&quot;:&quot;simplified&quot;}]},{&quot;featureType&quot;:&quot;road.arterial&quot;,&quot;elementType&quot;:&quot;labels.icon&quot;,&quot;stylers&quot;:[{&quot;visibility&quot;:&quot;off&quot;}]},{&quot;featureType&quot;:&quot;transit&quot;,&quot;elementType&quot;:&quot;all&quot;,&quot;stylers&quot;:[{&quot;visibility&quot;:&quot;off&quot;}]},{&quot;featureType&quot;:&quot;water&quot;,&quot;elementType&quot;:&quot;all&quot;,&quot;stylers&quot;:[{&quot;color&quot;:&quot;#54d6ce&quot;},{&quot;visibility&quot;:&quot;on&quot;},{&quot;lightness&quot;:&quot;0&quot;}]}]}\" data-pins=\"[{&quot;address&quot;:&quot;Via Antonio Cantore, 15\\\/2 - Genova&quot;,&quot;position&quot;:{&quot;lat&quot;:44.4108475,&quot;lng&quot;:8.8976686},&quot;desc&quot;:&quot;&quot;,&quot;state&quot;:&quot;hidden&quot;,&quot;image&quot;:&quot;https:\\\/\\\/dottoralbertoaglialoro.it\\\/wp-content\\\/uploads\\\/2025\\\/12\\\/pin-map.svg&quot;,&quot;image_width&quot;:40,&quot;image_height&quot;:60}]\"><\/div>\t\t\t\t<\/div>\n\t\t\t\t<\/div>\n\t\t\t\t<\/div>\n\t\t\t\t<\/div>\n\t\t\t\t\t<\/div>\n\t\t\t\t<\/div>\n\t\t\t\t\t<\/div>\n\t\t\t\t<\/div>\n\t\t<div class=\"elementor-element elementor-element-489f7ff e-flex e-con-boxed e-con e-parent\" data-id=\"489f7ff\" data-element_type=\"container\" data-e-type=\"container\" data-settings=\"{&quot;background_background&quot;:&quot;classic&quot;,&quot;jet_parallax_layout_list&quot;:[]}\">\n\t\t\t\t\t<div class=\"e-con-inner\">\n\t\t<div class=\"elementor-element elementor-element-fa890c7 e-flex e-con-boxed e-con e-child\" data-id=\"fa890c7\" data-element_type=\"container\" data-e-type=\"container\" data-settings=\"{&quot;jet_parallax_layout_list&quot;:[]}\">\n\t\t\t\t\t<div class=\"e-con-inner\">\n\t\t<div class=\"elementor-element elementor-element-63588fa e-con-full e-flex e-con e-child\" data-id=\"63588fa\" data-element_type=\"container\" data-e-type=\"container\" data-settings=\"{&quot;background_background&quot;:&quot;classic&quot;,&quot;jet_parallax_layout_list&quot;:[]}\">\n\t\t<div class=\"elementor-element elementor-element-40eb85b e-con-full e-flex e-con e-child\" data-id=\"40eb85b\" data-element_type=\"container\" data-e-type=\"container\" data-settings=\"{&quot;jet_parallax_layout_list&quot;:[]}\">\n\t\t\t\t<div class=\"elementor-element elementor-element-78af72b elementor-widget-tablet__width-initial elementor-widget elementor-widget-heading\" data-id=\"78af72b\" data-element_type=\"widget\" data-e-type=\"widget\" data-widget_type=\"heading.default\">\n\t\t\t\t<div class=\"elementor-widget-container\">\n\t\t\t\t\t<h2 class=\"elementor-heading-title elementor-size-default\">Prenez rendez-vous \u00e0 G\u00eanes<\/h2>\t\t\t\t<\/div>\n\t\t\t\t<\/div>\n\t\t\t\t<div class=\"elementor-element elementor-element-7397289 elementor-widget elementor-widget-text-editor\" data-id=\"7397289\" data-element_type=\"widget\" data-e-type=\"widget\" data-widget_type=\"text-editor.default\">\n\t\t\t\t<div class=\"elementor-widget-container\">\n\t\t\t\t\t\t\t\t\t<p>Fort de plus de <a href=\"https:\/\/dottoralbertoaglialoro.it\/fr\/prof-dr-aglialoro\/\">trente ans d\u2019exp\u00e9rience<\/a>, j\u2019accompagne <strong>chaque patient dans un parcours de diagnostic et de prise en charge personnalis\u00e9<\/strong>, en garantissant une continuit\u00e9 des soins.<\/p>\t\t\t\t\t\t\t\t<\/div>\n\t\t\t\t<\/div>\n\t\t\t\t<div class=\"elementor-element elementor-element-1828b82 elementor-icon-list--layout-traditional elementor-list-item-link-full_width elementor-widget elementor-widget-icon-list\" data-id=\"1828b82\" data-element_type=\"widget\" data-e-type=\"widget\" data-widget_type=\"icon-list.default\">\n\t\t\t\t<div class=\"elementor-widget-container\">\n\t\t\t\t\t\t\t<ul class=\"elementor-icon-list-items\">\n\t\t\t\t\t\t\t<li class=\"elementor-icon-list-item\">\n\t\t\t\t\t\t\t\t\t\t\t<a href=\"https:\/\/dottoralbertoaglialoro.it\/fr\/demander-un-rendez-vous\/\">\n\n\t\t\t\t\t\t\t\t\t\t\t\t<span class=\"elementor-icon-list-icon\">\n\t\t\t\t\t\t\t<svg aria-hidden=\"true\" class=\"e-font-icon-svg e-fas-check\" viewBox=\"0 0 512 512\" xmlns=\"http:\/\/www.w3.org\/2000\/svg\"><path d=\"M173.898 439.404l-166.4-166.4c-9.997-9.997-9.997-26.206 0-36.204l36.203-36.204c9.997-9.998 26.207-9.998 36.204 0L192 312.69 432.095 72.596c9.997-9.997 26.207-9.997 36.204 0l36.203 36.204c9.997 9.997 9.997 26.206 0 36.204l-294.4 294.401c-9.998 9.997-26.207 9.997-36.204-.001z\"><\/path><\/svg>\t\t\t\t\t\t<\/span>\n\t\t\t\t\t\t\t\t\t\t<span class=\"elementor-icon-list-text\">En remplissant le <span class=\"link\">formulaire en ligne<\/span><\/span>\n\t\t\t\t\t\t\t\t\t\t\t<\/a>\n\t\t\t\t\t\t\t\t\t<\/li>\n\t\t\t\t\t\t\t\t<li class=\"elementor-icon-list-item\">\n\t\t\t\t\t\t\t\t\t\t\t<a href=\"tel:+393287492112\">\n\n\t\t\t\t\t\t\t\t\t\t\t\t<span class=\"elementor-icon-list-icon\">\n\t\t\t\t\t\t\t<svg aria-hidden=\"true\" class=\"e-font-icon-svg e-fas-check\" viewBox=\"0 0 512 512\" xmlns=\"http:\/\/www.w3.org\/2000\/svg\"><path d=\"M173.898 439.404l-166.4-166.4c-9.997-9.997-9.997-26.206 0-36.204l36.203-36.204c9.997-9.998 26.207-9.998 36.204 0L192 312.69 432.095 72.596c9.997-9.997 26.207-9.997 36.204 0l36.203 36.204c9.997 9.997 9.997 26.206 0 36.204l-294.4 294.401c-9.998 9.997-26.207 9.997-36.204-.001z\"><\/path><\/svg>\t\t\t\t\t\t<\/span>\n\t\t\t\t\t\t\t\t\t\t<span class=\"elementor-icon-list-text\">En appelant le <span class=\"link\">num\u00e9ro<\/span><\/span>\n\t\t\t\t\t\t\t\t\t\t\t<\/a>\n\t\t\t\t\t\t\t\t\t<\/li>\n\t\t\t\t\t\t\t\t<li class=\"elementor-icon-list-item\">\n\t\t\t\t\t\t\t\t\t\t\t<a href=\"mailto:studio@dottoralbertoaglialoro.it\">\n\n\t\t\t\t\t\t\t\t\t\t\t\t<span class=\"elementor-icon-list-icon\">\n\t\t\t\t\t\t\t<svg aria-hidden=\"true\" class=\"e-font-icon-svg e-fas-check\" viewBox=\"0 0 512 512\" xmlns=\"http:\/\/www.w3.org\/2000\/svg\"><path d=\"M173.898 439.404l-166.4-166.4c-9.997-9.997-9.997-26.206 0-36.204l36.203-36.204c9.997-9.998 26.207-9.998 36.204 0L192 312.69 432.095 72.596c9.997-9.997 26.207-9.997 36.204 0l36.203 36.204c9.997 9.997 9.997 26.206 0 36.204l-294.4 294.401c-9.998 9.997-26.207 9.997-36.204-.001z\"><\/path><\/svg>\t\t\t\t\t\t<\/span>\n\t\t\t\t\t\t\t\t\t\t<span class=\"elementor-icon-list-text\">En envoyant un <span class=\"link\">e-mail<\/span><\/span>\n\t\t\t\t\t\t\t\t\t\t\t<\/a>\n\t\t\t\t\t\t\t\t\t<\/li>\n\t\t\t\t\t\t<\/ul>\n\t\t\t\t\t\t<\/div>\n\t\t\t\t<\/div>\n\t\t\t\t<div class=\"elementor-element elementor-element-cd80c04 elementor-widget-tablet__width-initial elementor-widget elementor-widget-heading\" data-id=\"cd80c04\" data-element_type=\"widget\" data-e-type=\"widget\" data-widget_type=\"heading.default\">\n\t\t\t\t<div class=\"elementor-widget-container\">\n\t\t\t\t\t<h3 class=\"elementor-heading-title elementor-size-default\">Diab\u00e9tologue et endocrinologue \u00e0 G\u00eanes<\/h3>\t\t\t\t<\/div>\n\t\t\t\t<\/div>\n\t\t\t\t<div class=\"elementor-element elementor-element-022b66a elementor-widget elementor-widget-text-editor\" data-id=\"022b66a\" data-element_type=\"widget\" data-e-type=\"widget\" data-widget_type=\"text-editor.default\">\n\t\t\t\t<div class=\"elementor-widget-container\">\n\t\t\t\t\t\t\t\t\t<p data-start=\"0\" data-end=\"400\">Dans mon cabinet m\u00e9dical de G\u00eanes, Via Antonio Cantore 15\/2, je re\u00e7ois sur rendez-vous pour des consultations sp\u00e9cialis\u00e9es en endocrinologie et en diab\u00e9tologie. Le cabinet est con\u00e7u pour offrir un cadre r\u00e9serv\u00e9 et organis\u00e9, avec un temps de consultation adapt\u00e9 et une approche centr\u00e9e sur la personne, du premier recueil des sympt\u00f4mes jusqu\u2019\u00e0 la d\u00e9finition du parcours de suivi et de prise en charge.<\/p><p data-start=\"402\" data-end=\"1086\">L\u2019activit\u00e9 clinique comprend l\u2019\u00e9valuation et la prise en charge des principales affections <a href=\"https:\/\/dottoralbertoaglialoro.it\/fr\/consultation-endocrinologie\/\">endocriniennes<\/a> et <a href=\"https:\/\/dottoralbertoaglialoro.it\/fr\/diabetologie\/syndrome-metabolique\/\">m\u00e9taboliques<\/a>. En endocrinologie, je prends en charge les troubles de la thyro\u00efde, des parathyro\u00efdes, de l\u2019hypophyse et de l\u2019hypothalamus, de la glande surr\u00e9nale et de l\u2019\u00e9quilibre gonadique, avec une attention port\u00e9e aussi \u00e0 des domaines comme la m\u00e9nopause, l\u2019ost\u00e9oporose, l\u2019acn\u00e9 et l\u2019andrologie. L\u2019objectif de la consultation est de clarifier le diagnostic, d\u2019interpr\u00e9ter correctement des examens d\u00e9j\u00e0 r\u00e9alis\u00e9s, de d\u00e9finir d\u2019\u00e9ventuels approfondissements et de mettre en place une strat\u00e9gie th\u00e9rapeutique r\u00e9aliste, avec des indications concr\u00e8tes sur les contr\u00f4les et le suivi.<\/p><p data-start=\"1088\" data-end=\"1689\">En <a href=\"https:\/\/dottoralbertoaglialoro.it\/fr\/diabetologie\/\">diab\u00e9tologie<\/a>, la consultation est orient\u00e9e vers la prise en charge du diab\u00e8te et de ses aspects associ\u00e9s, y compris le syndrome m\u00e9tabolique, l\u2019accompagnement en psychodiab\u00e9tologie et l\u2019utilisation des technologies du diab\u00e8te. Lorsque n\u00e9cessaire, le parcours se concentre sur l\u2019optimisation du traitement, l\u2019analyse des donn\u00e9es glyc\u00e9miques, la pr\u00e9vention des complications et la construction d\u2019habitudes soutenables dans le temps. La continuit\u00e9 des soins est un point cl\u00e9, car elle permet d\u2019\u00e9valuer l\u2019\u00e9volution clinique, d\u2019ajuster le plan si besoin et de donner de la stabilit\u00e9 au parcours de soins.<\/p><p data-start=\"1691\" data-end=\"2179\">Prendre rendez-vous \u00e0 G\u00eanes est simple. Vous pouvez le demander en remplissant le formulaire en ligne pr\u00e9sent sur la page, en appelant le +39 328 7492112, ou en \u00e9crivant \u00e0 <a class=\"decorated-link cursor-pointer\" rel=\"noopener\" data-start=\"1863\" data-end=\"1895\">studio@dottoralbertoaglialoro.it<\/a>. Au moment de la demande, vous pouvez indiquer d\u2019\u00e9ventuels besoins sp\u00e9cifiques, par exemple des disponibilit\u00e9s horaires, une urgence ressentie, des examens d\u00e9j\u00e0 r\u00e9alis\u00e9s ou des n\u00e9cessit\u00e9s d\u2019organisation, afin de recevoir une confirmation rapide et une gestion plus fluide de l\u2019acc\u00e8s.<\/p><p data-start=\"2181\" data-end=\"2811\">L\u2019approche de la consultation vise \u00e0 \u00eatre <a href=\"https:\/\/www.youtube.com\/@albertoaglialoro6379\" target=\"_blank\" rel=\"noopener\">claire et compr\u00e9hensible<\/a>. On commence par une reconstitution pr\u00e9cise de l\u2019histoire clinique, on \u00e9value les sympt\u00f4mes et les facteurs de risque, on analyse les examens et les traitements en cours, puis on d\u00e9finit des objectifs mesurables. Lorsque cela est pertinent, les indications incluent aussi des interventions sur le mode de vie, l\u2019alimentation et l\u2019activit\u00e9 physique, int\u00e9gr\u00e9es de mani\u00e8re coh\u00e9rente avec la situation clinique et les besoins du quotidien. L\u2019objectif est d\u2019\u00e9viter des parcours dispersifs, de r\u00e9duire doutes et incertitudes, et d\u2019offrir un rep\u00e8re stable dans le temps.<\/p><p data-start=\"2813\" data-end=\"3432\" data-is-last-node=\"\" data-is-only-node=\"\">Le cabinet de G\u00eanes s\u2019inscrit dans une <a href=\"https:\/\/www.linkedin.com\/in\/alberto-maria-aglialoro-69917274\/\" target=\"_blank\" rel=\"noopener\">activit\u00e9 clinique plus large<\/a>, exerc\u00e9e \u00e9galement dans d\u2019autres provinces et centres m\u00e9dicaux pluridisciplinaires qualifi\u00e9s, tout en maintenant la m\u00eame qualit\u00e9 de prise en charge et une approche uniforme dans la gestion des cas. Sur cette page, vous trouverez les informations utiles et le lien vers Google Maps pour rejoindre le cabinet. Si vous souhaitez des informations sur les consultations, les examens et les modalit\u00e9s d\u2019acc\u00e8s, vous pouvez utiliser le formulaire de contact, vous recevrez une r\u00e9ponse pour vous orienter de mani\u00e8re pratique vers la prestation la plus adapt\u00e9e.<\/p>\t\t\t\t\t\t\t\t<\/div>\n\t\t\t\t<\/div>\n\t\t\t\t<\/div>\n\t\t\t\t<\/div>\n\t\t\t\t\t<\/div>\n\t\t\t\t<\/div>\n\t\t\t\t\t<\/div>\n\t\t\t\t<\/div>\n\t\t\t\t<\/div>\n\t\t","protected":false},"excerpt":{"rendered":"<p>Diab\u00e9tologue et endocrinologue \u00e0 G\u00eanes Endocrinologue \u00e0 G\u00eanes, dans mon cabinet m\u00e9dical de G\u00eanes, je re\u00e7ois sur rendez-vous et propose des consultations sp\u00e9cialis\u00e9es en endocrinologie et en diab\u00e9tologie. Studio Medico Cantore 15 Adresse: Via Antonio Cantore, 15\/2 &#8211; Genova T\u00e9l\u00e9phone: +(39) 328 7492112 Google Maps Google Maps Prenez rendez-vous \u00e0 G\u00eanes Fort de plus de [&hellip;]<\/p>\n","protected":false},"author":1,"featured_media":5275,"parent":5266,"menu_order":0,"comment_status":"closed","ping_status":"closed","template":"","meta":{"_acf_changed":false,"footnotes":""},"class_list":["post-5274","page","type-page","status-publish","has-post-thumbnail","hentry"],"acf":[],"_links":{"self":[{"href":"https:\/\/dottoralbertoaglialoro.it\/fr\/wp-json\/wp\/v2\/pages\/5274","targetHints":{"allow":["GET"]}}],"collection":[{"href":"https:\/\/dottoralbertoaglialoro.it\/fr\/wp-json\/wp\/v2\/pages"}],"about":[{"href":"https:\/\/dottoralbertoaglialoro.it\/fr\/wp-json\/wp\/v2\/types\/page"}],"author":[{"embeddable":true,"href":"https:\/\/dottoralbertoaglialoro.it\/fr\/wp-json\/wp\/v2\/users\/1"}],"replies":[{"embeddable":true,"href":"https:\/\/dottoralbertoaglialoro.it\/fr\/wp-json\/wp\/v2\/comments?post=5274"}],"version-history":[{"count":0,"href":"https:\/\/dottoralbertoaglialoro.it\/fr\/wp-json\/wp\/v2\/pages\/5274\/revisions"}],"up":[{"embeddable":true,"href":"https:\/\/dottoralbertoaglialoro.it\/fr\/wp-json\/wp\/v2\/pages\/5266"}],"wp:featuredmedia":[{"embeddable":true,"href":"https:\/\/dottoralbertoaglialoro.it\/fr\/wp-json\/wp\/v2\/media\/5275"}],"wp:attachment":[{"href":"https:\/\/dottoralbertoaglialoro.it\/fr\/wp-json\/wp\/v2\/media?parent=5274"}],"curies":[{"name":"wp","href":"https:\/\/api.w.org\/{rel}","templated":true}]}}