{"id":5282,"date":"2025-11-18T12:06:23","date_gmt":"2025-11-18T11:06:23","guid":{"rendered":"https:\/\/dottoralbertoaglialoro.it\/cabinets-medicaux\/piemonte\/"},"modified":"2026-03-02T14:48:54","modified_gmt":"2026-03-02T13:48:54","slug":"piemont","status":"publish","type":"page","link":"https:\/\/dottoralbertoaglialoro.it\/fr\/cabinets-medicaux\/piemont\/","title":{"rendered":"Pi\u00e9mont"},"content":{"rendered":"\t\t<div data-elementor-type=\"wp-page\" data-elementor-id=\"5282\" class=\"elementor elementor-5282 elementor-1713\" data-elementor-post-type=\"page\">\n\t\t\t\t<div class=\"elementor-element elementor-element-6109124 e-flex e-con-boxed e-con e-parent\" data-id=\"6109124\" data-element_type=\"container\" data-e-type=\"container\" data-settings=\"{&quot;jet_parallax_layout_list&quot;:[],&quot;background_background&quot;:&quot;classic&quot;}\">\n\t\t\t\t\t<div class=\"e-con-inner\">\n\t\t<div class=\"elementor-element elementor-element-d4d2d57 e-flex e-con-boxed e-con e-child\" data-id=\"d4d2d57\" data-element_type=\"container\" data-e-type=\"container\" data-settings=\"{&quot;background_background&quot;:&quot;classic&quot;,&quot;jet_parallax_layout_list&quot;:[]}\">\n\t\t\t\t\t<div class=\"e-con-inner\">\n\t\t<div class=\"elementor-element elementor-element-4c8735f e-con-full e-flex e-con e-child\" data-id=\"4c8735f\" data-element_type=\"container\" data-e-type=\"container\" data-settings=\"{&quot;jet_parallax_layout_list&quot;:[]}\">\n\t\t\t\t<div class=\"elementor-element elementor-element-fdf0f46 elementor-widget__width-initial animated-slow elementor-widget-tablet__width-inherit elementor-invisible elementor-widget elementor-widget-heading\" data-id=\"fdf0f46\" data-element_type=\"widget\" data-e-type=\"widget\" data-settings=\"{&quot;_animation&quot;:&quot;fadeInLeft&quot;}\" data-widget_type=\"heading.default\">\n\t\t\t\t<div class=\"elementor-widget-container\">\n\t\t\t\t\t<h1 class=\"elementor-heading-title elementor-size-default\">Endocrinologue et diab\u00e9tologue dans le  <span>Pi\u00e9mont<\/span><\/h1>\t\t\t\t<\/div>\n\t\t\t\t<\/div>\n\t\t\t\t<div class=\"elementor-element elementor-element-5a645d4 elementor-widget__width-initial animated-slow elementor-invisible elementor-widget elementor-widget-text-editor\" data-id=\"5a645d4\" data-element_type=\"widget\" data-e-type=\"widget\" data-settings=\"{&quot;_animation&quot;:&quot;fadeIn&quot;,&quot;_animation_delay&quot;:1200}\" data-widget_type=\"text-editor.default\">\n\t\t\t\t<div class=\"elementor-widget-container\">\n\t\t\t\t\t\t\t\t\t<p>Dans mon <a href=\"https:\/\/dottoralbertoaglialoro.it\/fr\/cabinets-medicaux\/\">cabinet m\u00e9dical<\/a> dans le Pi\u00e9mont, je re\u00e7ois sur rendez-vous et propose des consultations sp\u00e9cialis\u00e9es en <a href=\"https:\/\/dottoralbertoaglialoro.it\/fr\/consultation-endocrinologie\/\">endocrinologie<\/a> et en <a href=\"https:\/\/dottoralbertoaglialoro.it\/fr\/diabetologie\/\">diab\u00e9tologie<\/a>.<\/p>\t\t\t\t\t\t\t\t<\/div>\n\t\t\t\t<\/div>\n\t\t\t\t<\/div>\n\t\t\t\t<div class=\"elementor-element elementor-element-602c011 elementor-widget elementor-widget-spacer\" data-id=\"602c011\" data-element_type=\"widget\" data-e-type=\"widget\" data-widget_type=\"spacer.default\">\n\t\t\t\t<div class=\"elementor-widget-container\">\n\t\t\t\t\t\t\t<div class=\"elementor-spacer\">\n\t\t\t<div class=\"elementor-spacer-inner\"><\/div>\n\t\t<\/div>\n\t\t\t\t\t\t<\/div>\n\t\t\t\t<\/div>\n\t\t\t\t\t<\/div>\n\t\t\t\t<\/div>\n\t\t\t\t\t<\/div>\n\t\t\t\t<\/div>\n\t\t<div class=\"elementor-element elementor-element-e9e1669 e-flex e-con-boxed e-con e-parent\" data-id=\"e9e1669\" data-element_type=\"container\" data-e-type=\"container\" data-settings=\"{&quot;background_background&quot;:&quot;classic&quot;,&quot;jet_parallax_layout_list&quot;:[]}\">\n\t\t\t\t\t<div class=\"e-con-inner\">\n\t\t<div class=\"elementor-element elementor-element-71378ab e-flex e-con-boxed e-con e-child\" data-id=\"71378ab\" data-element_type=\"container\" data-e-type=\"container\" data-settings=\"{&quot;jet_parallax_layout_list&quot;:[]}\">\n\t\t\t\t\t<div class=\"e-con-inner\">\n\t\t<div class=\"elementor-element elementor-element-1eda4b0 e-con-full e-flex e-con e-child\" data-id=\"1eda4b0\" data-element_type=\"container\" data-e-type=\"container\" data-settings=\"{&quot;jet_parallax_layout_list&quot;:[]}\">\n\t\t\t\t<div class=\"elementor-element elementor-element-c0a1e05 elementor-widget__width-initial elementor-widget-tablet__width-inherit elementor-widget elementor-widget-heading\" data-id=\"c0a1e05\" data-element_type=\"widget\" data-e-type=\"widget\" data-widget_type=\"heading.default\">\n\t\t\t\t<div class=\"elementor-widget-container\">\n\t\t\t\t\t<p class=\"elementor-heading-title elementor-size-default\"><span>Poliambulatorio Laboclinic<\/span><\/p>\t\t\t\t<\/div>\n\t\t\t\t<\/div>\n\t\t\t\t<div class=\"elementor-element elementor-element-96c293c elementor-widget__width-initial elementor-widget-tablet__width-inherit elementor-widget elementor-widget-text-editor\" data-id=\"96c293c\" data-element_type=\"widget\" data-e-type=\"widget\" data-widget_type=\"text-editor.default\">\n\t\t\t\t<div class=\"elementor-widget-container\">\n\t\t\t\t\t\t\t\t\t<p><strong>Adresse:<\/strong> Via Giosu\u00e8 Carducci, 13\/A &#8211; Ovada (AL)<\/p><p><strong>T\u00e9l\u00e9phone: <\/strong>+(39) 0143 81300<\/p>\t\t\t\t\t\t\t\t<\/div>\n\t\t\t\t<\/div>\n\t\t\t\t<div class=\"elementor-element elementor-element-5441e08 elementor-widget elementor-widget-jet-button\" data-id=\"5441e08\" data-element_type=\"widget\" data-e-type=\"widget\" data-widget_type=\"jet-button.default\">\n\t\t\t\t<div class=\"elementor-widget-container\">\n\t\t\t\t\t<div class=\"elementor-jet-button jet-elements\"><div class=\"jet-button__container\">\n\t<a class=\"jet-button__instance jet-button__instance--icon-left hover-effect-1\" href=\"https:\/\/maps.app.goo.gl\/nMiPE5qjMQEuiur38\" target=\"_blank\" rel=\"nofollow noopener\">\n\t\t<div class=\"jet-button__plane jet-button__plane-normal\"><\/div>\n\t\t<div class=\"jet-button__plane jet-button__plane-hover\"><\/div>\n\t\t<div class=\"jet-button__state jet-button__state-normal\">\n\t\t\t<span class=\"jet-button__icon jet-elements-icon\"><svg aria-hidden=\"true\" class=\"e-font-icon-svg e-fas-map-marked-alt\" viewBox=\"0 0 576 512\" xmlns=\"http:\/\/www.w3.org\/2000\/svg\"><path d=\"M288 0c-69.59 0-126 56.41-126 126 0 56.26 82.35 158.8 113.9 196.02 6.39 7.54 17.82 7.54 24.2 0C331.65 284.8 414 182.26 414 126 414 56.41 357.59 0 288 0zm0 168c-23.2 0-42-18.8-42-42s18.8-42 42-42 42 18.8 42 42-18.8 42-42 42zM20.12 215.95A32.006 32.006 0 0 0 0 245.66v250.32c0 11.32 11.43 19.06 21.94 14.86L160 448V214.92c-8.84-15.98-16.07-31.54-21.25-46.42L20.12 215.95zM288 359.67c-14.07 0-27.38-6.18-36.51-16.96-19.66-23.2-40.57-49.62-59.49-76.72v182l192 64V266c-18.92 27.09-39.82 53.52-59.49 76.72-9.13 10.77-22.44 16.95-36.51 16.95zm266.06-198.51L416 224v288l139.88-55.95A31.996 31.996 0 0 0 576 426.34V176.02c0-11.32-11.43-19.06-21.94-14.86z\"><\/path><\/svg><\/span><span class=\"jet-button__label\">Google Maps<\/span>\t\t<\/div>\n\t\t<div class=\"jet-button__state jet-button__state-hover\">\n\t\t\t<span class=\"jet-button__icon jet-elements-icon\"><svg aria-hidden=\"true\" class=\"e-font-icon-svg e-fas-map-marked-alt\" viewBox=\"0 0 576 512\" xmlns=\"http:\/\/www.w3.org\/2000\/svg\"><path d=\"M288 0c-69.59 0-126 56.41-126 126 0 56.26 82.35 158.8 113.9 196.02 6.39 7.54 17.82 7.54 24.2 0C331.65 284.8 414 182.26 414 126 414 56.41 357.59 0 288 0zm0 168c-23.2 0-42-18.8-42-42s18.8-42 42-42 42 18.8 42 42-18.8 42-42 42zM20.12 215.95A32.006 32.006 0 0 0 0 245.66v250.32c0 11.32 11.43 19.06 21.94 14.86L160 448V214.92c-8.84-15.98-16.07-31.54-21.25-46.42L20.12 215.95zM288 359.67c-14.07 0-27.38-6.18-36.51-16.96-19.66-23.2-40.57-49.62-59.49-76.72v182l192 64V266c-18.92 27.09-39.82 53.52-59.49 76.72-9.13 10.77-22.44 16.95-36.51 16.95zm266.06-198.51L416 224v288l139.88-55.95A31.996 31.996 0 0 0 576 426.34V176.02c0-11.32-11.43-19.06-21.94-14.86z\"><\/path><\/svg><\/span><span class=\"jet-button__label\">Google Maps<\/span>\t\t<\/div>\n\t<\/a>\n<\/div>\n<\/div>\t\t\t\t<\/div>\n\t\t\t\t<\/div>\n\t\t\t\t<\/div>\n\t\t<div class=\"elementor-element elementor-element-0473da4 e-con-full e-flex e-con e-child\" data-id=\"0473da4\" data-element_type=\"container\" data-e-type=\"container\" data-settings=\"{&quot;jet_parallax_layout_list&quot;:[],&quot;background_background&quot;:&quot;classic&quot;}\">\n\t\t<div class=\"elementor-element elementor-element-a7ffe1f e-con-full e-flex e-con e-child\" data-id=\"a7ffe1f\" data-element_type=\"container\" data-e-type=\"container\" data-settings=\"{&quot;jet_parallax_layout_list&quot;:[]}\">\n\t\t\t\t<div class=\"elementor-element elementor-element-7538e51 elementor-widget elementor-widget-jet-map\" data-id=\"7538e51\" data-element_type=\"widget\" data-e-type=\"widget\" data-widget_type=\"jet-map.default\">\n\t\t\t\t<div class=\"elementor-widget-container\">\n\t\t\t\t\t<div class=\"jet-map\" data-provider=\"google\" data-init=\"{&quot;center&quot;:{&quot;lat&quot;:44.6390545,&quot;lng&quot;:8.6421029},&quot;zoom&quot;:15,&quot;scrollwheel&quot;:false,&quot;zoomControl&quot;:true,&quot;pinsAutoClose&quot;:true,&quot;draggable&quot;:true,&quot;provider&quot;:&quot;google&quot;,&quot;fullscreenControl&quot;:false,&quot;streetViewControl&quot;:true,&quot;mapTypeControl&quot;:false,&quot;styles&quot;:[{&quot;featureType&quot;:&quot;administrative&quot;,&quot;elementType&quot;:&quot;labels.text.fill&quot;,&quot;stylers&quot;:[{&quot;color&quot;:&quot;#444444&quot;}]},{&quot;featureType&quot;:&quot;landscape&quot;,&quot;elementType&quot;:&quot;all&quot;,&quot;stylers&quot;:[{&quot;color&quot;:&quot;#ffffff&quot;}]},{&quot;featureType&quot;:&quot;poi&quot;,&quot;elementType&quot;:&quot;all&quot;,&quot;stylers&quot;:[{&quot;visibility&quot;:&quot;off&quot;}]},{&quot;featureType&quot;:&quot;road&quot;,&quot;elementType&quot;:&quot;all&quot;,&quot;stylers&quot;:[{&quot;saturation&quot;:-100},{&quot;lightness&quot;:45}]},{&quot;featureType&quot;:&quot;road.highway&quot;,&quot;elementType&quot;:&quot;all&quot;,&quot;stylers&quot;:[{&quot;visibility&quot;:&quot;simplified&quot;}]},{&quot;featureType&quot;:&quot;road.arterial&quot;,&quot;elementType&quot;:&quot;labels.icon&quot;,&quot;stylers&quot;:[{&quot;visibility&quot;:&quot;off&quot;}]},{&quot;featureType&quot;:&quot;transit&quot;,&quot;elementType&quot;:&quot;all&quot;,&quot;stylers&quot;:[{&quot;visibility&quot;:&quot;off&quot;}]},{&quot;featureType&quot;:&quot;water&quot;,&quot;elementType&quot;:&quot;all&quot;,&quot;stylers&quot;:[{&quot;color&quot;:&quot;#54d6ce&quot;},{&quot;visibility&quot;:&quot;on&quot;},{&quot;lightness&quot;:&quot;0&quot;}]}]}\" data-pins=\"[{&quot;address&quot;:&quot;Via Giosu\\u00e8 Carducci, 13\\\/A, 15076 Ovada AL&quot;,&quot;position&quot;:{&quot;lat&quot;:44.6390545,&quot;lng&quot;:8.6421029},&quot;desc&quot;:&quot;&quot;,&quot;state&quot;:&quot;hidden&quot;,&quot;image&quot;:&quot;https:\\\/\\\/dottoralbertoaglialoro.it\\\/wp-content\\\/uploads\\\/2025\\\/12\\\/pin-map.svg&quot;,&quot;image_width&quot;:40,&quot;image_height&quot;:60}]\"><\/div>\t\t\t\t<\/div>\n\t\t\t\t<\/div>\n\t\t\t\t<\/div>\n\t\t\t\t<\/div>\n\t\t\t\t\t<\/div>\n\t\t\t\t<\/div>\n\t\t\t\t\t<\/div>\n\t\t\t\t<\/div>\n\t\t<div class=\"elementor-element elementor-element-9747a8e e-flex e-con-boxed e-con e-parent\" data-id=\"9747a8e\" data-element_type=\"container\" data-e-type=\"container\" data-settings=\"{&quot;background_background&quot;:&quot;classic&quot;,&quot;jet_parallax_layout_list&quot;:[]}\">\n\t\t\t\t\t<div class=\"e-con-inner\">\n\t\t<div class=\"elementor-element elementor-element-50ef28a e-flex e-con-boxed e-con e-child\" data-id=\"50ef28a\" data-element_type=\"container\" data-e-type=\"container\" data-settings=\"{&quot;jet_parallax_layout_list&quot;:[]}\">\n\t\t\t\t\t<div class=\"e-con-inner\">\n\t\t<div class=\"elementor-element elementor-element-b09a18e e-con-full e-flex e-con e-child\" data-id=\"b09a18e\" data-element_type=\"container\" data-e-type=\"container\" data-settings=\"{&quot;background_background&quot;:&quot;classic&quot;,&quot;jet_parallax_layout_list&quot;:[]}\">\n\t\t<div class=\"elementor-element elementor-element-a5d3568 e-con-full e-flex e-con e-child\" data-id=\"a5d3568\" data-element_type=\"container\" data-e-type=\"container\" data-settings=\"{&quot;jet_parallax_layout_list&quot;:[]}\">\n\t\t\t\t<div class=\"elementor-element elementor-element-e90d1f1 elementor-widget-tablet__width-initial elementor-widget elementor-widget-heading\" data-id=\"e90d1f1\" data-element_type=\"widget\" data-e-type=\"widget\" data-widget_type=\"heading.default\">\n\t\t\t\t<div class=\"elementor-widget-container\">\n\t\t\t\t\t<h2 class=\"elementor-heading-title elementor-size-default\">Prenez rendez-vous dans le Pi\u00e9mont<\/h2>\t\t\t\t<\/div>\n\t\t\t\t<\/div>\n\t\t\t\t<div class=\"elementor-element elementor-element-0f56e0c elementor-widget elementor-widget-text-editor\" data-id=\"0f56e0c\" data-element_type=\"widget\" data-e-type=\"widget\" data-widget_type=\"text-editor.default\">\n\t\t\t\t<div class=\"elementor-widget-container\">\n\t\t\t\t\t\t\t\t\t<p>Fort de plus de <a href=\"https:\/\/dottoralbertoaglialoro.it\/fr\/prof-dr-aglialoro\/\">trente ans d\u2019exp\u00e9rience<\/a>, j\u2019accompagne <strong>chaque patient dans un parcours de diagnostic et de prise en charge personnalis\u00e9<\/strong>, en garantissant une continuit\u00e9 des soins.<\/p>\t\t\t\t\t\t\t\t<\/div>\n\t\t\t\t<\/div>\n\t\t\t\t<div class=\"elementor-element elementor-element-b4dc5f2 elementor-icon-list--layout-traditional elementor-list-item-link-full_width elementor-widget elementor-widget-icon-list\" data-id=\"b4dc5f2\" data-element_type=\"widget\" data-e-type=\"widget\" data-widget_type=\"icon-list.default\">\n\t\t\t\t<div class=\"elementor-widget-container\">\n\t\t\t\t\t\t\t<ul class=\"elementor-icon-list-items\">\n\t\t\t\t\t\t\t<li class=\"elementor-icon-list-item\">\n\t\t\t\t\t\t\t\t\t\t\t<a href=\"https:\/\/dottoralbertoaglialoro.it\/fr\/demander-un-rendez-vous\/\">\n\n\t\t\t\t\t\t\t\t\t\t\t\t<span class=\"elementor-icon-list-icon\">\n\t\t\t\t\t\t\t<svg aria-hidden=\"true\" class=\"e-font-icon-svg e-fas-check\" viewBox=\"0 0 512 512\" xmlns=\"http:\/\/www.w3.org\/2000\/svg\"><path d=\"M173.898 439.404l-166.4-166.4c-9.997-9.997-9.997-26.206 0-36.204l36.203-36.204c9.997-9.998 26.207-9.998 36.204 0L192 312.69 432.095 72.596c9.997-9.997 26.207-9.997 36.204 0l36.203 36.204c9.997 9.997 9.997 26.206 0 36.204l-294.4 294.401c-9.998 9.997-26.207 9.997-36.204-.001z\"><\/path><\/svg>\t\t\t\t\t\t<\/span>\n\t\t\t\t\t\t\t\t\t\t<span class=\"elementor-icon-list-text\">En remplissant le <span class=\"link\">formulaire en ligne<\/span><\/span>\n\t\t\t\t\t\t\t\t\t\t\t<\/a>\n\t\t\t\t\t\t\t\t\t<\/li>\n\t\t\t\t\t\t\t\t<li class=\"elementor-icon-list-item\">\n\t\t\t\t\t\t\t\t\t\t\t<a href=\"tel:+393287492112\">\n\n\t\t\t\t\t\t\t\t\t\t\t\t<span class=\"elementor-icon-list-icon\">\n\t\t\t\t\t\t\t<svg aria-hidden=\"true\" class=\"e-font-icon-svg e-fas-check\" viewBox=\"0 0 512 512\" xmlns=\"http:\/\/www.w3.org\/2000\/svg\"><path d=\"M173.898 439.404l-166.4-166.4c-9.997-9.997-9.997-26.206 0-36.204l36.203-36.204c9.997-9.998 26.207-9.998 36.204 0L192 312.69 432.095 72.596c9.997-9.997 26.207-9.997 36.204 0l36.203 36.204c9.997 9.997 9.997 26.206 0 36.204l-294.4 294.401c-9.998 9.997-26.207 9.997-36.204-.001z\"><\/path><\/svg>\t\t\t\t\t\t<\/span>\n\t\t\t\t\t\t\t\t\t\t<span class=\"elementor-icon-list-text\">En appelant le <span class=\"link\">num\u00e9ro<\/span><\/span>\n\t\t\t\t\t\t\t\t\t\t\t<\/a>\n\t\t\t\t\t\t\t\t\t<\/li>\n\t\t\t\t\t\t\t\t<li class=\"elementor-icon-list-item\">\n\t\t\t\t\t\t\t\t\t\t\t<a href=\"mailto:studio@dottoralbertoaglialoro.it\">\n\n\t\t\t\t\t\t\t\t\t\t\t\t<span class=\"elementor-icon-list-icon\">\n\t\t\t\t\t\t\t<svg aria-hidden=\"true\" class=\"e-font-icon-svg e-fas-check\" viewBox=\"0 0 512 512\" xmlns=\"http:\/\/www.w3.org\/2000\/svg\"><path d=\"M173.898 439.404l-166.4-166.4c-9.997-9.997-9.997-26.206 0-36.204l36.203-36.204c9.997-9.998 26.207-9.998 36.204 0L192 312.69 432.095 72.596c9.997-9.997 26.207-9.997 36.204 0l36.203 36.204c9.997 9.997 9.997 26.206 0 36.204l-294.4 294.401c-9.998 9.997-26.207 9.997-36.204-.001z\"><\/path><\/svg>\t\t\t\t\t\t<\/span>\n\t\t\t\t\t\t\t\t\t\t<span class=\"elementor-icon-list-text\">En envoyant un <span class=\"link\">e-mail<\/span><\/span>\n\t\t\t\t\t\t\t\t\t\t\t<\/a>\n\t\t\t\t\t\t\t\t\t<\/li>\n\t\t\t\t\t\t<\/ul>\n\t\t\t\t\t\t<\/div>\n\t\t\t\t<\/div>\n\t\t\t\t<div class=\"elementor-element elementor-element-e8707cb elementor-widget-tablet__width-initial elementor-widget elementor-widget-heading\" data-id=\"e8707cb\" data-element_type=\"widget\" data-e-type=\"widget\" data-widget_type=\"heading.default\">\n\t\t\t\t<div class=\"elementor-widget-container\">\n\t\t\t\t\t<h3 class=\"elementor-heading-title elementor-size-default\">Endocrinologue et diab\u00e9tologue dans le  Pi\u00e9mont<\/h3>\t\t\t\t<\/div>\n\t\t\t\t<\/div>\n\t\t\t\t<div class=\"elementor-element elementor-element-93e39ad elementor-widget elementor-widget-text-editor\" data-id=\"93e39ad\" data-element_type=\"widget\" data-e-type=\"widget\" data-widget_type=\"text-editor.default\">\n\t\t\t\t<div class=\"elementor-widget-container\">\n\t\t\t\t\t\t\t\t\t<p>Cette page s\u2019adresse \u00e0 celles et ceux qui souhaitent un r\u00e9f\u00e9rent sp\u00e9cialis\u00e9 en endocrinologie et en diab\u00e9tologie dans la r\u00e9gion du Pi\u00e9mont, avec des consultations sur rendez-vous et une approche orient\u00e9e vers la clart\u00e9 clinique. L\u2019objectif n\u2019est pas seulement \u00ab faire une consultation \u00bb, mais mettre en place un <a href=\"https:\/\/www.youtube.com\/@albertoaglialoro6379\" target=\"_blank\" rel=\"noopener\">parcours compr\u00e9hensible<\/a> : comprendre le probl\u00e8me, interpr\u00e9ter correctement les examens, d\u00e9finir les priorit\u00e9s et programmer des contr\u00f4les selon une logique soutenable dans le temps. Dans de nombreuses situations, la difficult\u00e9 n\u2019est pas de trouver des informations, mais de comprendre lesquelles sont <a href=\"https:\/\/www.linkedin.com\/in\/alberto-maria-aglialoro-69917274\/\" target=\"_blank\" rel=\"noopener\">r\u00e9ellement pertinentes<\/a> pour son cas et quelles \u00e9tapes ont du sens, en \u00e9vitant des examens r\u00e9p\u00e9t\u00e9s ou non cibl\u00e9s.<\/p><p>En <a href=\"https:\/\/dottoralbertoaglialoro.it\/fr\/consultation-endocrinologie\/\">endocrinologie<\/a>, la consultation est utile lorsqu\u2019il existe des sympt\u00f4mes persistants ou des valeurs hormonales hors norme qui n\u00e9cessitent un bilan complet. On arrive souvent avec des comptes rendus d\u00e9j\u00e0 r\u00e9alis\u00e9s, parfois peu homog\u00e8nes, ou avec des indications re\u00e7ues \u00e0 des moments diff\u00e9rents. La consultation sert \u00e0 remettre de l\u2019ordre : reconstituer l\u2019histoire clinique, v\u00e9rifier l\u2019\u00e9volution dans le temps, \u00e9valuer les facteurs de risque, les ant\u00e9c\u00e9dents familiaux et les traitements en cours, puis relier ces \u00e9l\u00e9ments aux donn\u00e9es biologiques et instrumentales. L\u2019objectif est d\u2019aboutir \u00e0 une conclusion claire, ou au moins \u00e0 une hypoth\u00e8se solide avec un plan d\u2019examens compl\u00e9mentaires cibl\u00e9s. En fin de consultation, il est important d\u2019avoir des indications pratiques : quoi surveiller, selon quel calendrier, quels signes justifient un contr\u00f4le anticip\u00e9, et lesquels peuvent \u00eatre g\u00e9r\u00e9s dans le cadre d\u2019un suivi programm\u00e9.<\/p><p>En <a href=\"https:\/\/dottoralbertoaglialoro.it\/fr\/diabetologie\/\">diab\u00e9tologie<\/a>, la consultation est orient\u00e9e vers la gestion concr\u00e8te du diab\u00e8te et des tableaux m\u00e9taboliques associ\u00e9s. Le travail le plus utile ne consiste pas seulement \u00e0 regarder une valeur, mais \u00e0 analyser les profils, comprendre \u00e0 quels moments les param\u00e8tres se modifient et pourquoi, \u00e9valuer l\u2019efficacit\u00e9 du traitement dans la vie r\u00e9elle et d\u00e9finir des ajustements r\u00e9alistes. Lorsque disponibles, les donn\u00e9es issues de capteurs ou d\u2019autosurveillance deviennent un support d\u00e9cisionnel important, car elles permettent d\u2019agir sur la variabilit\u00e9, les hypoglyc\u00e9mies, les pics postprandiaux, l\u2019observance th\u00e9rapeutique et les objectifs de pr\u00e9vention \u00e0 moyen et long terme. Ici aussi, l\u2019approche est pratique : un plan soutenable vaut mieux que des indications parfaites mais impossibles \u00e0 maintenir.<\/p><p>Un point central est la continuit\u00e9. Beaucoup de parcours fonctionnent lorsque la premi\u00e8re consultation est suivie de r\u00e9\u00e9valuations coh\u00e9rentes, avec des ajustements progressifs et des crit\u00e8res de surveillance clairs. Le suivi n\u2019est pas un d\u00e9tail, c\u2019est le moment o\u00f9 l\u2019on v\u00e9rifie ce qui fonctionne, ce qui ne fonctionne pas, et o\u00f9 l\u2019on affine le parcours sans repartir de z\u00e9ro. C\u2019est pourquoi, d\u00e8s la consultation, on d\u00e9finit des objectifs mesurables et des d\u00e9lais, afin que la prise en charge reste structur\u00e9e et lisible, autant pour la personne qui suit le traitement que pour celle qui l\u2019\u00e9value.<\/p><p>Pour prendre rendez-vous, utilisez les canaux indiqu\u00e9s sur le site : formulaire en ligne, t\u00e9l\u00e9phone ou e-mail. Pour rendre la consultation plus efficace, il est conseill\u00e9 de pr\u00e9parer une documentation essentielle : liste \u00e0 jour des m\u00e9dicaments et des posologies, examens r\u00e9cents, anciens comptes rendus, \u00e9ventuelles mesures \u00e0 domicile ou rapports de suivi. Une br\u00e8ve note sur les sympt\u00f4mes, leur date d\u2019apparition et l\u2019objectif de la consultation aide aussi beaucoup, car elle permet de se concentrer imm\u00e9diatement sur l\u2019essentiel et de construire un parcours proportionn\u00e9.<\/p><p>Si vous n\u2019\u00eates pas s\u00fbr de la prestation la plus adapt\u00e9e, d\u00e9crivez simplement ce que vous souhaitez obtenir, par exemple interpr\u00e9ter un compte rendu, clarifier un diagnostic, revoir un traitement, mettre en place un suivi. \u00c0 partir de l\u00e0, on construit un parcours clair, sans \u00e9tapes superflues, avec des indications compr\u00e9hensibles et v\u00e9rifiables dans le temps.<\/p>\t\t\t\t\t\t\t\t<\/div>\n\t\t\t\t<\/div>\n\t\t\t\t<\/div>\n\t\t\t\t<\/div>\n\t\t\t\t\t<\/div>\n\t\t\t\t<\/div>\n\t\t\t\t\t<\/div>\n\t\t\t\t<\/div>\n\t\t\t\t<\/div>\n\t\t","protected":false},"excerpt":{"rendered":"<p>Endocrinologue et diab\u00e9tologue dans le Pi\u00e9mont Dans mon cabinet m\u00e9dical dans le Pi\u00e9mont, je re\u00e7ois sur rendez-vous et propose des consultations sp\u00e9cialis\u00e9es en endocrinologie et en diab\u00e9tologie. Poliambulatorio Laboclinic Adresse: Via Giosu\u00e8 Carducci, 13\/A &#8211; Ovada (AL) T\u00e9l\u00e9phone: +(39) 0143 81300 Google Maps Google Maps Prenez rendez-vous dans le Pi\u00e9mont Fort de plus de trente [&hellip;]<\/p>\n","protected":false},"author":1,"featured_media":5283,"parent":5266,"menu_order":0,"comment_status":"closed","ping_status":"closed","template":"","meta":{"_acf_changed":false,"footnotes":""},"class_list":["post-5282","page","type-page","status-publish","has-post-thumbnail","hentry"],"acf":[],"_links":{"self":[{"href":"https:\/\/dottoralbertoaglialoro.it\/fr\/wp-json\/wp\/v2\/pages\/5282","targetHints":{"allow":["GET"]}}],"collection":[{"href":"https:\/\/dottoralbertoaglialoro.it\/fr\/wp-json\/wp\/v2\/pages"}],"about":[{"href":"https:\/\/dottoralbertoaglialoro.it\/fr\/wp-json\/wp\/v2\/types\/page"}],"author":[{"embeddable":true,"href":"https:\/\/dottoralbertoaglialoro.it\/fr\/wp-json\/wp\/v2\/users\/1"}],"replies":[{"embeddable":true,"href":"https:\/\/dottoralbertoaglialoro.it\/fr\/wp-json\/wp\/v2\/comments?post=5282"}],"version-history":[{"count":0,"href":"https:\/\/dottoralbertoaglialoro.it\/fr\/wp-json\/wp\/v2\/pages\/5282\/revisions"}],"up":[{"embeddable":true,"href":"https:\/\/dottoralbertoaglialoro.it\/fr\/wp-json\/wp\/v2\/pages\/5266"}],"wp:featuredmedia":[{"embeddable":true,"href":"https:\/\/dottoralbertoaglialoro.it\/fr\/wp-json\/wp\/v2\/media\/5283"}],"wp:attachment":[{"href":"https:\/\/dottoralbertoaglialoro.it\/fr\/wp-json\/wp\/v2\/media?parent=5282"}],"curies":[{"name":"wp","href":"https:\/\/api.w.org\/{rel}","templated":true}]}}